{"id":186,"date":"2025-11-28T15:04:30","date_gmt":"2025-11-28T15:04:30","guid":{"rendered":"https:\/\/steindorf-alexander.de\/?page_id=186"},"modified":"2025-11-28T15:04:30","modified_gmt":"2025-11-28T15:04:30","slug":"autor","status":"publish","type":"page","link":"https:\/\/steindorf-alexander.de\/?page_id=186","title":{"rendered":"Autor"},"content":{"rendered":"\n<div class=\"wp-block-columns is-layout-flex wp-container-core-columns-is-layout-28f84493 wp-block-columns-is-layout-flex\">\n<div class=\"wp-block-column is-layout-flow wp-block-column-is-layout-flow\" style=\"flex-basis:10%\"><\/div>\n\n\n\n<div class=\"wp-block-column is-layout-flow wp-block-column-is-layout-flow\" style=\"flex-basis:80%\">\n<figure class=\"wp-block-gallery has-nested-images columns-2 is-cropped wp-block-gallery-1 is-layout-flex wp-block-gallery-is-layout-flex\">\n<figure class=\"wp-block-image size-large\"><img loading=\"lazy\" decoding=\"async\" width=\"1024\" height=\"557\" data-id=\"200\" src=\"https:\/\/steindorf-alexander.de\/wp-content\/uploads\/2025\/11\/Screenshot-66-1024x557.png\" alt=\"\" class=\"wp-image-200\" srcset=\"https:\/\/steindorf-alexander.de\/wp-content\/uploads\/2025\/11\/Screenshot-66-1024x557.png 1024w, https:\/\/steindorf-alexander.de\/wp-content\/uploads\/2025\/11\/Screenshot-66-300x163.png 300w, https:\/\/steindorf-alexander.de\/wp-content\/uploads\/2025\/11\/Screenshot-66.png 1407w\" sizes=\"auto, (max-width: 1024px) 100vw, 1024px\" \/><\/figure>\n\n\n\n<figure class=\"wp-block-image size-large\"><img loading=\"lazy\" decoding=\"async\" width=\"1024\" height=\"576\" data-id=\"194\" src=\"https:\/\/steindorf-alexander.de\/wp-content\/uploads\/2025\/11\/1762530308893nachtschicht-eine-reise-durch-die-nacht-theater-lockstoff-stuttgart-114_v-16x9@2dL_-6c42aff4e68b43c7868c3240d3ebfa29867457da-1024x576.webp\" alt=\"\" class=\"wp-image-194\" srcset=\"https:\/\/steindorf-alexander.de\/wp-content\/uploads\/2025\/11\/1762530308893nachtschicht-eine-reise-durch-die-nacht-theater-lockstoff-stuttgart-114_v-16x9@2dL_-6c42aff4e68b43c7868c3240d3ebfa29867457da-1024x576.webp 1024w, https:\/\/steindorf-alexander.de\/wp-content\/uploads\/2025\/11\/1762530308893nachtschicht-eine-reise-durch-die-nacht-theater-lockstoff-stuttgart-114_v-16x9@2dL_-6c42aff4e68b43c7868c3240d3ebfa29867457da-300x169.webp 300w, https:\/\/steindorf-alexander.de\/wp-content\/uploads\/2025\/11\/1762530308893nachtschicht-eine-reise-durch-die-nacht-theater-lockstoff-stuttgart-114_v-16x9@2dL_-6c42aff4e68b43c7868c3240d3ebfa29867457da.webp 1440w\" sizes=\"auto, (max-width: 1024px) 100vw, 1024px\" \/><\/figure>\n\n\n\n<figure class=\"wp-block-image size-large\"><img loading=\"lazy\" decoding=\"async\" width=\"640\" height=\"400\" data-id=\"199\" src=\"https:\/\/steindorf-alexander.de\/wp-content\/uploads\/2025\/11\/p01.jpg\" alt=\"\" class=\"wp-image-199\" srcset=\"https:\/\/steindorf-alexander.de\/wp-content\/uploads\/2025\/11\/p01.jpg 640w, https:\/\/steindorf-alexander.de\/wp-content\/uploads\/2025\/11\/p01-300x188.jpg 300w\" sizes=\"auto, (max-width: 640px) 100vw, 640px\" \/><\/figure>\n\n\n\n<figure class=\"wp-block-image size-large\"><img loading=\"lazy\" decoding=\"async\" width=\"640\" height=\"400\" data-id=\"196\" src=\"https:\/\/steindorf-alexander.de\/wp-content\/uploads\/2025\/11\/nachtschicht-theater-lokstoff-stuttgart-04.jpg\" alt=\"\" class=\"wp-image-196\" srcset=\"https:\/\/steindorf-alexander.de\/wp-content\/uploads\/2025\/11\/nachtschicht-theater-lokstoff-stuttgart-04.jpg 640w, https:\/\/steindorf-alexander.de\/wp-content\/uploads\/2025\/11\/nachtschicht-theater-lokstoff-stuttgart-04-300x188.jpg 300w\" sizes=\"auto, (max-width: 640px) 100vw, 640px\" \/><\/figure>\n<\/figure>\n<\/div>\n\n\n\n<div class=\"wp-block-column is-layout-flow wp-block-column-is-layout-flow\" style=\"flex-basis:10%\"><\/div>\n<\/div>\n\n\n\n<div class=\"wp-block-columns is-layout-flex wp-container-core-columns-is-layout-28f84493 wp-block-columns-is-layout-flex\">\n<div class=\"wp-block-column is-layout-flow wp-block-column-is-layout-flow\" style=\"flex-basis:10%\"><\/div>\n\n\n\n<div class=\"wp-block-column is-layout-flow wp-block-column-is-layout-flow\" style=\"flex-basis:80%\">\n<p class=\"has-x-small-font-size\">\u201eNACHTSCHICHT\u201c richtet den Blick auf die unsichtbaren Kr\u00e4fte des Alltags. Pflegekr\u00e4fte, Kassierer*innen, Eltern, Ehrenamtliche \u2013 Menschen, die selten im Rampenlicht stehen, deren Arbeit aber unsere St\u00e4dte am Leben h\u00e4lt. Ihre Geschichten stehen im Zentrum dieser n\u00e4chtlichen Reise. Der Linienbus wird zum Resonanzraum f\u00fcr Stimmen, Kl\u00e4nge und Poesie. Auf der Fahrt durch die Stadt, vorbei an Orten des gesellschaftlichen Zusammenhalts und der F\u00fcrsorge, finden Begegnungen mit Geschichten, Perspektiven und Erfahrungen statt, die den Blick auf unsere Gesellschaft herausfordern und ver\u00e4ndern. Das Publikum erlebt eine urbane Collage \u2013 fragmentarisch, lebendig, \u00fcberraschend wie die Stadt selbst. Immer wieder steigen Held*innen dieser Stadt zu &#8211; als G\u00e4ste, als Erz\u00e4hler*innen, als Expert*innen des Alltags und immer wieder trifft man auf der Reise auf zwei gealterte Superheldenfiguren, Batman und Herakles, die auf der n\u00e4chtlichen Reise anecken und herausgefordert werden. Mit Ironie und Nachdenklichkeit brechen sie vertraute Bilder auf und stellen Fragen: Was bedeutet es heute, mutig zu sein? Wer verdient Anerkennung? Haben wir noch einen Platz in dieser Welt? K\u00f6nnen wir damit umgehen, nicht mehr unantastbar zu sein? Brauchen wir \u00fcberhaupt noch Held*innen \u2013 oder ganz andere Narrative?<\/p>\n\n\n\n<p style=\"font-size:12px\">Regie: Bianca K\u00fcnzel<br>Dramaturgie: Paulina Mandl<br>Text: Alexander Steindorf<br>Kost\u00fcme: Maria Mart\u00ednez Pe\u00f1a<br>Produktionsleitung: Nicola Merkle<br>Technik: Oliver Cordes<br>Regieassistenz: Carla Kleffner<br>Musik: Judith Haustein, Simon Kubat, Sebastian Sch\u00e4fer<br>Sounddesign: J\u00f6rg Kersting, Studio listen!<br>Es spielen: Kathrin Hildebrand, Sebastian Sch\u00e4fer, Wilhelm Schneck und Expert*innen des Alltags.<\/p>\n\n\n\n<figure class=\"wp-block-embed is-type-video is-provider-youtube wp-block-embed-youtube wp-embed-aspect-16-9 wp-has-aspect-ratio\"><div class=\"wp-block-embed__wrapper\">\n<iframe loading=\"lazy\" title=\"Nachtschicht - eine Reise durch die Stadt \/\/ Der Trailer\" width=\"950\" height=\"534\" src=\"https:\/\/www.youtube.com\/embed\/wZB1zTRJrio?feature=oembed\" frameborder=\"0\" allow=\"accelerometer; autoplay; clipboard-write; encrypted-media; gyroscope; picture-in-picture; web-share\" referrerpolicy=\"strict-origin-when-cross-origin\" allowfullscreen><\/iframe>\n<\/div><\/figure>\n\n\n\n<hr class=\"wp-block-separator has-alpha-channel-opacity\"\/>\n<\/div>\n\n\n\n<div class=\"wp-block-column is-layout-flow wp-block-column-is-layout-flow\"><\/div>\n\n\n\n<div class=\"wp-block-column is-layout-flow wp-block-column-is-layout-flow\" style=\"flex-basis:10%\"><\/div>\n<\/div>\n\n\n\n<div class=\"wp-block-columns is-layout-flex wp-container-core-columns-is-layout-28f84493 wp-block-columns-is-layout-flex\">\n<div class=\"wp-block-column is-layout-flow wp-block-column-is-layout-flow\" style=\"flex-basis:10%\"><\/div>\n\n\n\n<div class=\"wp-block-column is-layout-flow wp-block-column-is-layout-flow\" style=\"flex-basis:80%\">\n<figure class=\"wp-block-gallery has-nested-images columns-2 is-cropped wp-block-gallery-2 is-layout-flex wp-block-gallery-is-layout-flex\">\n<figure class=\"wp-block-image size-large\"><img loading=\"lazy\" decoding=\"async\" width=\"1024\" height=\"570\" data-id=\"201\" src=\"https:\/\/steindorf-alexander.de\/wp-content\/uploads\/2025\/11\/Screenshot-67-1024x570.png\" alt=\"\" class=\"wp-image-201\" srcset=\"https:\/\/steindorf-alexander.de\/wp-content\/uploads\/2025\/11\/Screenshot-67-1024x570.png 1024w, https:\/\/steindorf-alexander.de\/wp-content\/uploads\/2025\/11\/Screenshot-67-300x167.png 300w, https:\/\/steindorf-alexander.de\/wp-content\/uploads\/2025\/11\/Screenshot-67.png 1560w\" sizes=\"auto, (max-width: 1024px) 100vw, 1024px\" \/><\/figure>\n\n\n\n<figure class=\"wp-block-image size-large\"><img loading=\"lazy\" decoding=\"async\" width=\"1024\" height=\"609\" data-id=\"191\" src=\"https:\/\/steindorf-alexander.de\/wp-content\/uploads\/2025\/11\/7hz-2-1024x609.jpg\" alt=\"\" class=\"wp-image-191\" srcset=\"https:\/\/steindorf-alexander.de\/wp-content\/uploads\/2025\/11\/7hz-2-1024x609.jpg 1024w, https:\/\/steindorf-alexander.de\/wp-content\/uploads\/2025\/11\/7hz-2-300x178.jpg 300w, https:\/\/steindorf-alexander.de\/wp-content\/uploads\/2025\/11\/7hz-2.jpg 1090w\" sizes=\"auto, (max-width: 1024px) 100vw, 1024px\" \/><\/figure>\n\n\n\n<figure class=\"wp-block-image size-large\"><img loading=\"lazy\" decoding=\"async\" width=\"640\" height=\"427\" data-id=\"189\" src=\"https:\/\/steindorf-alexander.de\/wp-content\/uploads\/2025\/11\/02.jpg\" alt=\"\" class=\"wp-image-189\" srcset=\"https:\/\/steindorf-alexander.de\/wp-content\/uploads\/2025\/11\/02.jpg 640w, https:\/\/steindorf-alexander.de\/wp-content\/uploads\/2025\/11\/02-300x200.jpg 300w\" sizes=\"auto, (max-width: 640px) 100vw, 640px\" \/><\/figure>\n\n\n\n<figure class=\"wp-block-image size-large\"><img loading=\"lazy\" decoding=\"async\" width=\"640\" height=\"427\" data-id=\"188\" src=\"https:\/\/steindorf-alexander.de\/wp-content\/uploads\/2025\/11\/01.jpg\" alt=\"\" class=\"wp-image-188\" srcset=\"https:\/\/steindorf-alexander.de\/wp-content\/uploads\/2025\/11\/01.jpg 640w, https:\/\/steindorf-alexander.de\/wp-content\/uploads\/2025\/11\/01-300x200.jpg 300w\" sizes=\"auto, (max-width: 640px) 100vw, 640px\" \/><\/figure>\n<\/figure>\n\n\n\n<p class=\"has-x-small-font-size\">Nur durch eine dramatische Vergegenw\u00e4rtigung der Stadt-Land-Problematik k\u00f6nnen die eigentlichen und aktuellen Probleme unserer Zeit zum Ausdruck gebracht und hinterfragt werden. So war die Landwirtschaft \u00fcberhaupt erst die Voraussetzung f\u00fcr die Entstehung der st\u00e4dtischen Kultur. Nur durch Sesshaftigkeit, Ackerbau und Viehzucht konnten St\u00e4dte entstehen. Doch wie steht es um die Zukunft der Landwirtschaft, insbesondere kleinerer Betriebe? Am Beispiel eines kleinen Hofes vor den Toren von Stuttgart erz\u00e4hlen wir eine Geschichte, in der es um ein Hoferbe geht. Wer hat das beste Projekt zum Fortbetrieb des Hofes? Sind das Ideal einer nachhaltigen, tiersch\u00fctzenden Landwirtschaft und Wirtschaftlichkeit ein Widerspruch? Mit diesem neuen St\u00fcck setzt LOKSTOFF! seine Reihe \u00fcber das Thema \u201eErben\u201c fort. Eine Landpartie der besonderen Art!<\/p>\n\n\n\n<p style=\"font-size:12px\">Technik: Oliver Cordes, J\u00f6rg Kersting<br>Musik: Denis Krnjaic<br>Ausstattung: Maria Mart\u00ednez Pe\u00f1a<br>Choreografie: Stella Covi<br>Foto: Zoia Domaskina<br>Film: Royal Film Company<br>Stimme aus dem Off: Johanna Hanke<br>Produktionsleitung: Nicola Merkle<br>Produktionsassistentin: Janina Vogel<br>Regieassistenz: Carla Kleffner<br>Es spielen: Frank Deesz, Mariam Jincharadze, Kathrin Hildebrand, Simon Kubat, Christina Uhland<\/p>\n\n\n\n<p style=\"font-size:12px\">Herzlichen Dank an Familie Illi vom Pappelhof!<\/p>\n\n\n\n<figure class=\"wp-block-embed is-type-video is-provider-youtube wp-block-embed-youtube wp-embed-aspect-16-9 wp-has-aspect-ratio\"><div class=\"wp-block-embed__wrapper\">\n<iframe loading=\"lazy\" title=\"7 Hertz - vor der Stadt \/\/ Der Trailer\" width=\"950\" height=\"534\" src=\"https:\/\/www.youtube.com\/embed\/qt_sbJnOUZQ?feature=oembed\" frameborder=\"0\" allow=\"accelerometer; autoplay; clipboard-write; encrypted-media; gyroscope; picture-in-picture; web-share\" referrerpolicy=\"strict-origin-when-cross-origin\" allowfullscreen><\/iframe>\n<\/div><\/figure>\n\n\n\n<hr class=\"wp-block-separator has-alpha-channel-opacity\"\/>\n<\/div>\n\n\n\n<div class=\"wp-block-column is-layout-flow wp-block-column-is-layout-flow\" style=\"flex-basis:10%\"><\/div>\n<\/div>\n\n\n\n<div class=\"wp-block-columns is-layout-flex wp-container-core-columns-is-layout-28f84493 wp-block-columns-is-layout-flex\">\n<div class=\"wp-block-column is-layout-flow wp-block-column-is-layout-flow\" style=\"flex-basis:10%\"><\/div>\n\n\n\n<div class=\"wp-block-column is-layout-flow wp-block-column-is-layout-flow\" style=\"flex-basis:80%\">\n<figure class=\"wp-block-gallery has-nested-images columns-default is-cropped wp-block-gallery-3 is-layout-flex wp-block-gallery-is-layout-flex\">\n<figure class=\"wp-block-image size-large\"><img loading=\"lazy\" decoding=\"async\" width=\"225\" height=\"225\" data-id=\"204\" src=\"https:\/\/steindorf-alexander.de\/wp-content\/uploads\/2025\/11\/images-1.jpg\" alt=\"\" class=\"wp-image-204\" srcset=\"https:\/\/steindorf-alexander.de\/wp-content\/uploads\/2025\/11\/images-1.jpg 225w, https:\/\/steindorf-alexander.de\/wp-content\/uploads\/2025\/11\/images-1-150x150.jpg 150w\" sizes=\"auto, (max-width: 225px) 100vw, 225px\" \/><\/figure>\n\n\n\n<figure class=\"wp-block-image size-large\"><img loading=\"lazy\" decoding=\"async\" width=\"275\" height=\"183\" data-id=\"209\" src=\"https:\/\/steindorf-alexander.de\/wp-content\/uploads\/2025\/11\/images-43.jpg\" alt=\"\" class=\"wp-image-209\"\/><\/figure>\n\n\n\n<figure class=\"wp-block-image size-full\"><img loading=\"lazy\" decoding=\"async\" width=\"225\" height=\"225\" data-id=\"211\" src=\"https:\/\/steindorf-alexander.de\/wp-content\/uploads\/2025\/11\/images-3.jpg\" alt=\"\" class=\"wp-image-211\" srcset=\"https:\/\/steindorf-alexander.de\/wp-content\/uploads\/2025\/11\/images-3.jpg 225w, https:\/\/steindorf-alexander.de\/wp-content\/uploads\/2025\/11\/images-3-150x150.jpg 150w\" sizes=\"auto, (max-width: 225px) 100vw, 225px\" \/><\/figure>\n<\/figure>\n<\/div>\n\n\n\n<div class=\"wp-block-column is-layout-flow wp-block-column-is-layout-flow\" style=\"flex-basis:10%\"><\/div>\n<\/div>\n\n\n\n<div class=\"wp-block-columns is-layout-flex wp-container-core-columns-is-layout-28f84493 wp-block-columns-is-layout-flex\">\n<div class=\"wp-block-column is-layout-flow wp-block-column-is-layout-flow\" style=\"flex-basis:10%\"><\/div>\n\n\n\n<div class=\"wp-block-column is-layout-flow wp-block-column-is-layout-flow\" style=\"flex-basis:80%\">\n<p class=\"has-x-small-font-size\">Gegen\u00fcber der Wilhelma in Stuttgart verstecken sich hinter einer unscheinbaren, grauen Fassade 1150 Storageboxen auf sieben Geschossen. Jede einzelne Box ist gef\u00fcllt mit Gegenst\u00e4nden, die Menschen zu viel bedeuten, um sie zu wegzugeben. Jede Box ist gef\u00fcllt mit einer Geschichte. LOKSTOFF! nutzt diesen Ort voller Geschichten, um sich dem Thema Erben in all seiner Komplexit\u00e4t anzun\u00e4hern. Denn egal ob Leberfleck, Kochbuch, Blumenvase, Geburtstagslied, Ring, Schuld, Haus, Firma, Schulden &#8211; wir sind alle Erben. Das Erben verbindet uns mit der Vergangenheit und der Zukunft und hat dabei sehr unterschiedliche Dimensionen &#8211; materielle, kulturelle, genetische. Materiell erben wenige, kulturell alle irgendwie, genetisch alle sowieso. Erben ist ein Verm\u00e4chtnis, das aus der Vergangenheit direkt zu uns spricht. Es ist hochemotional, dann wieder n\u00fcchtern, gesch\u00e4ftlich, kompliziert, sch\u00f6n und oft die letzte Offenbarung. Doch was daraus folgt,<br>beinhaltet f\u00fcr die Gegenwart einen Moment voller Geschichten und Geschichte. Ist das Thema Erbschaft eine steuerliche Frage? Sicher. Ist es eine soziale Frage? Nat\u00fcrlich, weil es um die Verminderung von Ungleichheit geht. Aber es ist auch eine moralische Frage, da es um die Verbindung zwischen den Generationen, die Idee der Weitergabe geht. Vor allen Dingen sollte es aber eine gesellschaftliche Debatte sein, da es um unsere Vorstellung von Zukunft geht.<\/p>\n\n\n\n<p style=\"font-size:12px\">Regie: Bianca K\u00fcnzel, Wilhelm Schneck<br>Dramaturgie: Werner Kolk, Paulina Mandl<br>Kost\u00fcme: Maria Martinez Pe\u00f1a<br>Installationen: Leonard Mandl<br>Musik: Denis Krnjaic, Natana\u00ebl Lienhard<br>Texte: Alexander Steindorf<br>Film: Vlada Kolensnyk<br>Produktionsleitung: Nicola Merkle<br>Gesangsp\u00e4dagogik: Armina Aristak<br>Technik: Oliver Cordes<br>Assistenz: Carla Kleffner<br>Es spielen: Frank Deesz, Kathrin Hildebrand, Alexandra Karlova, Mariam Jincharadze, Denis Krnjaic, Natana\u00ebl Lienhard, Luciana Mugei.<\/p>\n\n\n\n<figure class=\"wp-block-embed is-type-video is-provider-youtube wp-block-embed-youtube wp-embed-aspect-16-9 wp-has-aspect-ratio\"><div class=\"wp-block-embed__wrapper\">\n<iframe loading=\"lazy\" title=\"GESTERN.MORGEN.HEUTE. Was soll bleiben? \/\/ Der Trailer\" width=\"950\" height=\"534\" src=\"https:\/\/www.youtube.com\/embed\/XOWGTJ7P34o?feature=oembed\" frameborder=\"0\" allow=\"accelerometer; autoplay; clipboard-write; encrypted-media; gyroscope; picture-in-picture; web-share\" referrerpolicy=\"strict-origin-when-cross-origin\" allowfullscreen><\/iframe>\n<\/div><\/figure>\n\n\n\n<hr class=\"wp-block-separator has-alpha-channel-opacity\"\/>\n<\/div>\n\n\n\n<div class=\"wp-block-column is-layout-flow wp-block-column-is-layout-flow\"><\/div>\n\n\n\n<div class=\"wp-block-column is-layout-flow wp-block-column-is-layout-flow\" style=\"flex-basis:10%\"><\/div>\n<\/div>\n\n\n\n<div class=\"wp-block-columns is-layout-flex wp-container-core-columns-is-layout-28f84493 wp-block-columns-is-layout-flex\">\n<div class=\"wp-block-column is-layout-flow wp-block-column-is-layout-flow\" style=\"flex-basis:10%\"><\/div>\n\n\n\n<div class=\"wp-block-column is-layout-flow wp-block-column-is-layout-flow\" style=\"flex-basis:80%\">\n<figure class=\"wp-block-gallery has-nested-images columns-2 is-cropped wp-block-gallery-4 is-layout-flex wp-block-gallery-is-layout-flex\">\n<figure class=\"wp-block-image size-large\"><img loading=\"lazy\" decoding=\"async\" width=\"1000\" height=\"586\" data-id=\"208\" src=\"https:\/\/steindorf-alexander.de\/wp-content\/uploads\/2025\/11\/Verschwoerungsmythen_-sofies-mind-truck.jpg\" alt=\"\" class=\"wp-image-208\" srcset=\"https:\/\/steindorf-alexander.de\/wp-content\/uploads\/2025\/11\/Verschwoerungsmythen_-sofies-mind-truck.jpg 1000w, https:\/\/steindorf-alexander.de\/wp-content\/uploads\/2025\/11\/Verschwoerungsmythen_-sofies-mind-truck-300x176.jpg 300w\" sizes=\"auto, (max-width: 1000px) 100vw, 1000px\" \/><\/figure>\n\n\n\n<figure class=\"wp-block-image size-large\"><img loading=\"lazy\" decoding=\"async\" width=\"500\" height=\"313\" data-id=\"207\" src=\"https:\/\/steindorf-alexander.de\/wp-content\/uploads\/2025\/11\/Sofies-MindTruck_FrederikLaux_3.jpg_WEB.jpg\" alt=\"\" class=\"wp-image-207\" srcset=\"https:\/\/steindorf-alexander.de\/wp-content\/uploads\/2025\/11\/Sofies-MindTruck_FrederikLaux_3.jpg_WEB.jpg 500w, https:\/\/steindorf-alexander.de\/wp-content\/uploads\/2025\/11\/Sofies-MindTruck_FrederikLaux_3.jpg_WEB-300x188.jpg 300w\" sizes=\"auto, (max-width: 500px) 100vw, 500px\" \/><\/figure>\n\n\n\n<figure class=\"wp-block-image size-large\"><img loading=\"lazy\" decoding=\"async\" width=\"500\" height=\"313\" data-id=\"206\" src=\"https:\/\/steindorf-alexander.de\/wp-content\/uploads\/2025\/11\/Sofies-MindTruck_FrederikLaux_2.jpg_WEB.jpg\" alt=\"\" class=\"wp-image-206\" srcset=\"https:\/\/steindorf-alexander.de\/wp-content\/uploads\/2025\/11\/Sofies-MindTruck_FrederikLaux_2.jpg_WEB.jpg 500w, https:\/\/steindorf-alexander.de\/wp-content\/uploads\/2025\/11\/Sofies-MindTruck_FrederikLaux_2.jpg_WEB-300x188.jpg 300w\" sizes=\"auto, (max-width: 500px) 100vw, 500px\" \/><\/figure>\n\n\n\n<figure class=\"wp-block-image size-large\"><img loading=\"lazy\" decoding=\"async\" width=\"1024\" height=\"768\" data-id=\"202\" src=\"https:\/\/steindorf-alexander.de\/wp-content\/uploads\/2025\/11\/csm_009-Sofies_Mind_Truck2957_beb31de5df-1024x768.jpg\" alt=\"\" class=\"wp-image-202\" srcset=\"https:\/\/steindorf-alexander.de\/wp-content\/uploads\/2025\/11\/csm_009-Sofies_Mind_Truck2957_beb31de5df-1024x768.jpg 1024w, https:\/\/steindorf-alexander.de\/wp-content\/uploads\/2025\/11\/csm_009-Sofies_Mind_Truck2957_beb31de5df-300x225.jpg 300w, https:\/\/steindorf-alexander.de\/wp-content\/uploads\/2025\/11\/csm_009-Sofies_Mind_Truck2957_beb31de5df.jpg 1067w\" sizes=\"auto, (max-width: 1024px) 100vw, 1024px\" \/><\/figure>\n<\/figure>\n\n\n\n<p class=\"has-x-small-font-size\">Sofie setzt nach der Krise auf Mobilit\u00e4t. Zusammen mit ihren T\u00f6chtern soll heute die Er\u00f6ffnung des neuen Foodtrucks gefeiert werden und den dringend ben\u00f6tigten finanziellen Erfolg liefern. Doch die unterschiedlichen Lebenseinstellungen der kleinen Kernfamilie stellen die fragile Gesch\u00e4ftsidee auf eine harte Probe. Als dann auch noch Ex-Stammkunde Lukas mit seiner eigenen Wahrheit auftaucht, droht der Hausfrieden vollends zu kollabieren.<\/p>\n\n\n\n<p class=\"has-x-small-font-size\">SOFIES MIND*TRUCK bietet eine \u201eTri\u00e4t\u201c der besonderen Art: aufr\u00fcttelnd, humorvoll und ganz entscheidend f\u00fcr unsere gemeinsame Wirklichkeit. Denn jede Gesellschaft muss sich darauf verst\u00e4ndigen, was wahr ist. Nur so kann uns die Verbindung zu einem WIR unserer WIR-klichkeit gelingen.<\/p>\n\n\n\n<p style=\"font-size:12px\">Regie: Bianca K\u00fcnzel, Wilhelm Schneck<br>Dramaturgie: Alexa Steinbrenner, Werner Kolk<br>Text: Alexander Steindorf<br>Ausstattung: Maria Mart\u00ednez Pe\u00f1a<br>Produktionsleitung: Nicola Merkle<br>Musik: Denis Krnjaic<br>Technik: Tobias Bing\u00f6l, Oliver Cordes<br>Regieassistenz: Carla Kleffner<br>Es spielen: Hannah Jasna Hess, Kathrin Hildebrand, Mariam Jincharadze, Natana\u00ebl Lienhard.<\/p>\n\n\n\n<figure class=\"wp-block-embed is-type-video is-provider-youtube wp-block-embed-youtube wp-embed-aspect-16-9 wp-has-aspect-ratio\"><div class=\"wp-block-embed__wrapper\">\n<iframe loading=\"lazy\" title=\"Sofies MIND*TRUCK - ImBiss der Wahrheit \/\/ Der Trailer\" width=\"950\" height=\"534\" src=\"https:\/\/www.youtube.com\/embed\/dxNNDrh5OHc?feature=oembed\" frameborder=\"0\" allow=\"accelerometer; autoplay; clipboard-write; encrypted-media; gyroscope; picture-in-picture; web-share\" referrerpolicy=\"strict-origin-when-cross-origin\" allowfullscreen><\/iframe>\n<\/div><\/figure>\n\n\n\n<hr class=\"wp-block-separator has-alpha-channel-opacity\"\/>\n<\/div>\n\n\n\n<div class=\"wp-block-column is-layout-flow wp-block-column-is-layout-flow\" style=\"flex-basis:10%\"><\/div>\n<\/div>\n\n\n\n<p><\/p>\n","protected":false},"excerpt":{"rendered":"<p>\u201eNACHTSCHICHT\u201c richtet den Blick auf die unsichtbaren Kr\u00e4fte des Alltags. Pflegekr\u00e4fte, Kassierer*innen, Eltern, Ehrenamtliche \u2013 Menschen, die selten im Rampenlicht stehen, deren Arbeit aber unsere St\u00e4dte am Leben h\u00e4lt. Ihre Geschichten stehen im Zentrum dieser n\u00e4chtlichen Reise. Der Linienbus wird zum Resonanzraum f\u00fcr Stimmen, Kl\u00e4nge und Poesie. Auf der Fahrt durch die Stadt, vorbei an &hellip; <\/p>\n<p class=\"link-more\"><a href=\"https:\/\/steindorf-alexander.de\/?page_id=186\" class=\"more-link\">Mehr <span class=\"screen-reader-text\">\u00fcber &#8222;Autor&#8220; <\/span>Lesen<\/a><\/p>\n","protected":false},"author":1,"featured_media":0,"parent":0,"menu_order":0,"comment_status":"closed","ping_status":"closed","template":"","meta":{"footnotes":""},"class_list":["post-186","page","type-page","status-publish","hentry"],"_links":{"self":[{"href":"https:\/\/steindorf-alexander.de\/index.php?rest_route=\/wp\/v2\/pages\/186","targetHints":{"allow":["GET"]}}],"collection":[{"href":"https:\/\/steindorf-alexander.de\/index.php?rest_route=\/wp\/v2\/pages"}],"about":[{"href":"https:\/\/steindorf-alexander.de\/index.php?rest_route=\/wp\/v2\/types\/page"}],"author":[{"embeddable":true,"href":"https:\/\/steindorf-alexander.de\/index.php?rest_route=\/wp\/v2\/users\/1"}],"replies":[{"embeddable":true,"href":"https:\/\/steindorf-alexander.de\/index.php?rest_route=%2Fwp%2Fv2%2Fcomments&post=186"}],"version-history":[{"count":3,"href":"https:\/\/steindorf-alexander.de\/index.php?rest_route=\/wp\/v2\/pages\/186\/revisions"}],"predecessor-version":[{"id":213,"href":"https:\/\/steindorf-alexander.de\/index.php?rest_route=\/wp\/v2\/pages\/186\/revisions\/213"}],"wp:attachment":[{"href":"https:\/\/steindorf-alexander.de\/index.php?rest_route=%2Fwp%2Fv2%2Fmedia&parent=186"}],"curies":[{"name":"wp","href":"https:\/\/api.w.org\/{rel}","templated":true}]}}