{"id":2,"date":"2025-11-25T18:05:15","date_gmt":"2025-11-25T18:05:15","guid":{"rendered":"https:\/\/steindorf-alexander.de\/?page_id=2"},"modified":"2026-03-24T13:41:06","modified_gmt":"2026-03-24T13:41:06","slug":"sample-page","status":"publish","type":"page","link":"https:\/\/steindorf-alexander.de\/","title":{"rendered":""},"content":{"rendered":"\n<div class=\"wp-block-columns is-layout-flex wp-container-core-columns-is-layout-28f84493 wp-block-columns-is-layout-flex\">\n<div class=\"wp-block-column is-layout-flow wp-block-column-is-layout-flow\" style=\"flex-basis:10%\"><\/div>\n\n\n\n<div class=\"wp-block-column is-layout-flow wp-block-column-is-layout-flow\" style=\"flex-basis:80%\">\n<p><\/p>\n\n\n\n<p class=\"has-white-color has-text-color has-link-color wp-elements-361a646e193ed7811c51d0a05e2735e2\">&#8211;<\/p>\n\n\n\n<div class=\"wp-block-cover\" style=\"min-height:430px;aspect-ratio:unset;\"><img loading=\"lazy\" decoding=\"async\" width=\"1024\" height=\"424\" class=\"wp-block-cover__image-background wp-image-58\" alt=\"\" src=\"https:\/\/steindorf-alexander.de\/wp-content\/uploads\/2025\/11\/New-Ancient-Alex-4-e1764178093718-1024x424.jpg\" data-object-fit=\"cover\" srcset=\"https:\/\/steindorf-alexander.de\/wp-content\/uploads\/2025\/11\/New-Ancient-Alex-4-e1764178093718-1024x424.jpg 1024w, https:\/\/steindorf-alexander.de\/wp-content\/uploads\/2025\/11\/New-Ancient-Alex-4-e1764178093718-300x124.jpg 300w, https:\/\/steindorf-alexander.de\/wp-content\/uploads\/2025\/11\/New-Ancient-Alex-4-e1764178093718-768x318.jpg 768w, https:\/\/steindorf-alexander.de\/wp-content\/uploads\/2025\/11\/New-Ancient-Alex-4-e1764178093718.jpg 1426w\" sizes=\"auto, (max-width: 1024px) 100vw, 1024px\" \/><span aria-hidden=\"true\" class=\"wp-block-cover__background has-background-dim\"><\/span><div class=\"wp-block-cover__inner-container is-layout-flow wp-block-cover-is-layout-flow\">\n<p class=\"has-large-font-size\">Alexander Steindorf<\/p>\n\n\n\n<p class=\"has-text-align-left has-link-color has-small-font-size wp-elements-c6d34d383056f5350ad12e6d171c6800\"><a href=\"https:\/\/www.projekt-il.art\/\">projekt-il<\/a><\/p>\n\n\n\n<p class=\"has-text-color has-link-color wp-elements-d36875475f75c6db35990e1d9fed5822\" style=\"color:#fd00f0\"><a href=\"https:\/\/www.theaterkollektiv.de\/kollektiv\/alexander-steindorf\/\">Pi\u00e8rre.Vers<\/a><\/p>\n\n\n\n<p class=\"has-text-color has-link-color wp-elements-bcb91e8b4e104a8bbe65e8a8b97e1e8f\" style=\"color:#fd00f0\"><a href=\"https:\/\/www.lokstoff.com\/index.php\/spielplan\/nachtschicht\">lokstoff<\/a><\/p>\n\n\n\n<p class=\"has-text-align-left has-link-color has-small-font-size wp-elements-0e191690afb12f2998a1e0294f40a8e7\"><a href=\"https:\/\/under-construction-wuppertal.de\/events\/dez-2025\/s-c-o-m-a-secret-club-of-mindful-aging\">S.C.O.M.A.<\/a><\/p>\n\n\n\n<p class=\"has-link-color wp-elements-9cfe6988fa796341d8ebe06ed958d763\" style=\"margin-top:0;margin-bottom:0\"><a href=\"https:\/\/www.stellwerk-weimar.de\/programm\/ausradiert\/\">Ausradiert<\/a><\/p>\n<\/div><\/div>\n\n\n\n<p><\/p>\n\n\n\n<div class=\"wp-block-columns is-layout-flex wp-container-core-columns-is-layout-28f84493 wp-block-columns-is-layout-flex\">\n<div class=\"wp-block-column is-layout-flow wp-block-column-is-layout-flow\">\n<figure class=\"wp-block-image size-full\"><img loading=\"lazy\" decoding=\"async\" width=\"452\" height=\"649\" src=\"https:\/\/steindorf-alexander.de\/wp-content\/uploads\/2025\/11\/Alexander-1-e1764168199600.jpg\" alt=\"\" class=\"wp-image-31\" srcset=\"https:\/\/steindorf-alexander.de\/wp-content\/uploads\/2025\/11\/Alexander-1-e1764168199600.jpg 452w, https:\/\/steindorf-alexander.de\/wp-content\/uploads\/2025\/11\/Alexander-1-e1764168199600-209x300.jpg 209w\" sizes=\"auto, (max-width: 452px) 100vw, 452px\" \/><\/figure>\n<\/div>\n\n\n\n<div class=\"wp-block-column is-layout-flow wp-block-column-is-layout-flow\">\n<p class=\"has-text-align-left\" style=\"font-size:14px;font-style:normal;font-weight:300\"><strong>Alexander Steindorf<\/strong> lebt in D\u00fcsseldorf und arbeitet als Schauspieler, Regisseur sowie Autor. Er hat unter anderem Visuelle Kommunikation an der Bauhaus-Universit\u00e4t in Weimar studiert und war an mehreren Theatern wie dem Deutschen Nationaltheater Weimar, dem Jungen Schauspielhaus D\u00fcsseldorf, dem Schauspielhaus D\u00fcsseldorf, dem Landestheater Neuss und dem Theater M\u00fcnster engagiert. Er arbeitete in \u00fcber 80 Inszenierungen u. a. mit Daniela L\u00f6ffner, Lisbeth Colthoff, Thomas Thieme, Alexander Lang, Katja Paryla und vielen mehr. Seit 2007 verwirklicht er zudem eigene Projekte als Schauspieler und Regisseur. Er wurde als bester Schauspieler des Jungen Schauspielhauses mit dem Gustaf-Theaterpreis 2015 ausgezeichnet. Alexander Steindorf ist Mitglied des Theaterkollektivs \u201ePi\u00e8rre.Vers\u201c, der Gruppe \u201ekainkollektiv\u201c und Mitbegr\u00fcnder des K\u00fcnstlerIinnenkollektivs \u201cprojekt-il\u201c. Inszenierungen von \u201cprojekt-il\u201c unter seiner Mitwirkung wurden an der B\u00fcrgerb\u00fchne des D\u00fcsseldorfer Schauspielhauses, am DNT Weimar, beim Kunstfest Weimar, beim Asphalt Festival D\u00fcsseldorf sowie beim D\u00fcsseldorf Festival realisiert. Des Weiteren ist er als freier Schauspieler und Regisseur in verschiedenen Produktionen, Kollaborationen und Programmen (Erasmus\/Cultural Education\/Kultur Macht Stark\/Chance Tanz) aktiv.<\/p>\n<\/div>\n<\/div>\n<\/div>\n\n\n\n<div class=\"wp-block-column is-layout-flow wp-block-column-is-layout-flow\" style=\"flex-basis:10%\"><\/div>\n<\/div>\n\n\n\n<p><\/p>\n\n\n\n<div class=\"wp-block-columns is-layout-flex wp-container-core-columns-is-layout-28f84493 wp-block-columns-is-layout-flex\">\n<div class=\"wp-block-column is-layout-flow wp-block-column-is-layout-flow\" style=\"flex-basis:10%\"><\/div>\n\n\n\n<div class=\"wp-block-column is-layout-flow wp-block-column-is-layout-flow\" style=\"flex-basis:80%\">\n<div class=\"wp-block-columns is-layout-flex wp-container-core-columns-is-layout-28f84493 wp-block-columns-is-layout-flex\">\n<div class=\"wp-block-column is-layout-flow wp-block-column-is-layout-flow\">\n<p class=\"has-foreground-color has-text-color has-link-color has-x-small-font-size wp-elements-f7e9cae0c8788daa1cda649f55e5f50e\" style=\"font-style:normal;font-weight:300\">Aktuelle Inszenierungen als Schauspieler: &#8222;Goldst\u00fcck&#8220; \/ &#8222;Dunkeldorf&#8220; \/ &#8222;Schwarz Helle Nacht&#8220; &#8211; <a href=\"https:\/\/www.theaterkollektiv.de\/\">Theaterkollektiv Pi\u00e8rre.Vers<\/a>. &#8222;Vom Teufel mit den drei goldenen Haaren&#8220; &#8211; Alexander Steindorf.<\/p>\n\n\n\n<p class=\"has-foreground-color has-text-color has-link-color has-x-small-font-size wp-elements-e115fa3b9bc2dc8dd07f3dacc0ba49f8\" style=\"font-style:normal;font-weight:300\">Aktuelle Inszenierungen als Performer: &#8222;S.C.O.M.A.&#8220; &#8211; Miriam Michel \/ &#8222;AT THE TABLE&#8220; &#8211; <a href=\"https:\/\/www.projekt-il.art\/\">projekt-il<\/a> \/ &#8222;New Ancient Theater&#8220; Filmprojekt &#8211; <a href=\"https:\/\/kainkollektiv.de\/media\/\">kainkollektiv<\/a>.<\/p>\n\n\n\n<p class=\"has-foreground-color has-text-color has-link-color has-x-small-font-size wp-elements-1c82e24ad57be62d207f2f1acfd159e7\" style=\"font-style:normal;font-weight:300\">Aktuelle Inszenierungen als Autor: &#8222;Nachtschicht&#8220; \/ &#8222;7Herz vor der Stadt&#8220; &#8211; <a href=\"https:\/\/www.lokstoff.com\/\">Lokstoff!<\/a> Stuttgart.<\/p>\n\n\n\n<p class=\"has-foreground-color has-text-color has-link-color has-x-small-font-size wp-elements-ea063b7cd590b796a375532eebdbb1c9\" style=\"font-style:normal;font-weight:300\">Aktuelle Inszenierungen als Regisseur: &#8222;Ausradiert&#8220; &#8211; <a href=\"https:\/\/www.kunstfest-weimar.de\/festival\/programm\/details\/ausradiert\">Kunstfest Weimar 2024<\/a>, Stellwerk Weimar.<\/p>\n\n\n\n<p><\/p>\n\n\n\n<p><\/p>\n\n\n\n<div class=\"wp-block-columns is-layout-flex wp-container-core-columns-is-layout-28f84493 wp-block-columns-is-layout-flex\">\n<div class=\"wp-block-column is-layout-flow wp-block-column-is-layout-flow\">\n<figure class=\"wp-block-image size-large\"><img loading=\"lazy\" decoding=\"async\" width=\"1024\" height=\"235\" src=\"https:\/\/steindorf-alexander.de\/wp-content\/uploads\/2025\/11\/TkPV_Logo_2_Zeiler_pos_Schwarz-1024x235.png\" alt=\"\" class=\"wp-image-98\" srcset=\"https:\/\/steindorf-alexander.de\/wp-content\/uploads\/2025\/11\/TkPV_Logo_2_Zeiler_pos_Schwarz-1024x235.png 1024w, https:\/\/steindorf-alexander.de\/wp-content\/uploads\/2025\/11\/TkPV_Logo_2_Zeiler_pos_Schwarz-300x69.png 300w, https:\/\/steindorf-alexander.de\/wp-content\/uploads\/2025\/11\/TkPV_Logo_2_Zeiler_pos_Schwarz-2000x458.png 2000w\" sizes=\"auto, (max-width: 1024px) 100vw, 1024px\" \/><\/figure>\n<\/div>\n\n\n\n<div class=\"wp-block-column is-layout-flow wp-block-column-is-layout-flow\">\n<figure class=\"wp-block-image size-full\"><img loading=\"lazy\" decoding=\"async\" width=\"1024\" height=\"299\" src=\"https:\/\/steindorf-alexander.de\/wp-content\/uploads\/2025\/11\/LOKSTOFF_black-1024x299-1.jpg\" alt=\"\" class=\"wp-image-100\" srcset=\"https:\/\/steindorf-alexander.de\/wp-content\/uploads\/2025\/11\/LOKSTOFF_black-1024x299-1.jpg 1024w, https:\/\/steindorf-alexander.de\/wp-content\/uploads\/2025\/11\/LOKSTOFF_black-1024x299-1-300x88.jpg 300w\" sizes=\"auto, (max-width: 1024px) 100vw, 1024px\" \/><\/figure>\n<\/div>\n<\/div>\n\n\n\n<div class=\"wp-block-columns is-layout-flex wp-container-core-columns-is-layout-28f84493 wp-block-columns-is-layout-flex\">\n<div class=\"wp-block-column is-layout-flow wp-block-column-is-layout-flow\">\n<figure class=\"wp-block-image size-large\"><img loading=\"lazy\" decoding=\"async\" width=\"1024\" height=\"185\" src=\"https:\/\/steindorf-alexander.de\/wp-content\/uploads\/2025\/11\/cropped-projektil_black-768x139-1-1024x185.jpg\" alt=\"\" class=\"wp-image-99\" srcset=\"https:\/\/steindorf-alexander.de\/wp-content\/uploads\/2025\/11\/cropped-projektil_black-768x139-1-1024x185.jpg 1024w, https:\/\/steindorf-alexander.de\/wp-content\/uploads\/2025\/11\/cropped-projektil_black-768x139-1-300x54.jpg 300w, https:\/\/steindorf-alexander.de\/wp-content\/uploads\/2025\/11\/cropped-projektil_black-768x139-1.jpg 1381w\" sizes=\"auto, (max-width: 1024px) 100vw, 1024px\" \/><\/figure>\n\n\n\n<p class=\"has-medium-font-size\"><strong>kainkollektiv<\/strong><\/p>\n<\/div>\n\n\n\n<div class=\"wp-block-column is-layout-flow wp-block-column-is-layout-flow\">\n<figure class=\"wp-block-image size-full\"><img loading=\"lazy\" decoding=\"async\" width=\"960\" height=\"540\" src=\"https:\/\/steindorf-alexander.de\/wp-content\/uploads\/2025\/11\/KFW24_Logo_cmyk_Jahr_schutzraum.jpg.webp\" alt=\"\" class=\"wp-image-117\" srcset=\"https:\/\/steindorf-alexander.de\/wp-content\/uploads\/2025\/11\/KFW24_Logo_cmyk_Jahr_schutzraum.jpg.webp 960w, https:\/\/steindorf-alexander.de\/wp-content\/uploads\/2025\/11\/KFW24_Logo_cmyk_Jahr_schutzraum.jpg-300x169.webp 300w\" sizes=\"auto, (max-width: 960px) 100vw, 960px\" \/><\/figure>\n<\/div>\n<\/div>\n<\/div>\n\n\n\n<div class=\"wp-block-column is-layout-flow wp-block-column-is-layout-flow\">\n<figure class=\"wp-block-gallery has-nested-images columns-2 is-cropped wp-block-gallery-1 is-layout-flex wp-block-gallery-is-layout-flex\">\n<figure class=\"wp-block-image size-large\"><img loading=\"lazy\" decoding=\"async\" width=\"942\" height=\"685\" data-id=\"56\" src=\"https:\/\/steindorf-alexander.de\/wp-content\/uploads\/2025\/11\/New-Ancient-Alex-2.jpg\" alt=\"\" class=\"wp-image-56\" srcset=\"https:\/\/steindorf-alexander.de\/wp-content\/uploads\/2025\/11\/New-Ancient-Alex-2.jpg 942w, https:\/\/steindorf-alexander.de\/wp-content\/uploads\/2025\/11\/New-Ancient-Alex-2-300x218.jpg 300w, https:\/\/steindorf-alexander.de\/wp-content\/uploads\/2025\/11\/New-Ancient-Alex-2-768x558.jpg 768w\" sizes=\"auto, (max-width: 942px) 100vw, 942px\" \/><\/figure>\n\n\n\n<figure class=\"wp-block-image size-large\"><img decoding=\"async\" data-id=\"34\" src=\"https:\/\/steindorf-alexander.de\/wp-content\/uploads\/2025\/11\/DSF4391-1024x683.jpg\" alt=\"\" class=\"wp-image-34\"\/><\/figure>\n\n\n\n<figure class=\"wp-block-image size-large\"><img loading=\"lazy\" decoding=\"async\" width=\"1024\" height=\"640\" data-id=\"48\" src=\"https:\/\/steindorf-alexander.de\/wp-content\/uploads\/2025\/11\/asphalt_Festival_2023-proj-Dunkeldorf-0614-191727-Foto-Nana_Franck-1024x640.jpg\" alt=\"\" class=\"wp-image-48\" srcset=\"https:\/\/steindorf-alexander.de\/wp-content\/uploads\/2025\/11\/asphalt_Festival_2023-proj-Dunkeldorf-0614-191727-Foto-Nana_Franck-1024x640.jpg 1024w, https:\/\/steindorf-alexander.de\/wp-content\/uploads\/2025\/11\/asphalt_Festival_2023-proj-Dunkeldorf-0614-191727-Foto-Nana_Franck-300x188.jpg 300w, https:\/\/steindorf-alexander.de\/wp-content\/uploads\/2025\/11\/asphalt_Festival_2023-proj-Dunkeldorf-0614-191727-Foto-Nana_Franck-768x480.jpg 768w, https:\/\/steindorf-alexander.de\/wp-content\/uploads\/2025\/11\/asphalt_Festival_2023-proj-Dunkeldorf-0614-191727-Foto-Nana_Franck-1536x960.jpg 1536w, https:\/\/steindorf-alexander.de\/wp-content\/uploads\/2025\/11\/asphalt_Festival_2023-proj-Dunkeldorf-0614-191727-Foto-Nana_Franck.jpg 1600w\" sizes=\"auto, (max-width: 1024px) 100vw, 1024px\" \/><\/figure>\n\n\n\n<figure class=\"wp-block-image size-large\"><img loading=\"lazy\" decoding=\"async\" width=\"1024\" height=\"683\" data-id=\"36\" src=\"https:\/\/steindorf-alexander.de\/wp-content\/uploads\/2025\/11\/DSF4679-1024x683.jpg\" alt=\"\" class=\"wp-image-36\" srcset=\"https:\/\/steindorf-alexander.de\/wp-content\/uploads\/2025\/11\/DSF4679-1024x683.jpg 1024w, https:\/\/steindorf-alexander.de\/wp-content\/uploads\/2025\/11\/DSF4679-300x200.jpg 300w, https:\/\/steindorf-alexander.de\/wp-content\/uploads\/2025\/11\/DSF4679-768x512.jpg 768w, https:\/\/steindorf-alexander.de\/wp-content\/uploads\/2025\/11\/DSF4679-1536x1024.jpg 1536w, https:\/\/steindorf-alexander.de\/wp-content\/uploads\/2025\/11\/DSF4679-2048x1366.jpg 2048w\" sizes=\"auto, (max-width: 1024px) 100vw, 1024px\" \/><\/figure>\n\n\n\n<figure class=\"wp-block-image size-full\"><img loading=\"lazy\" decoding=\"async\" width=\"596\" height=\"394\" data-id=\"21\" src=\"https:\/\/steindorf-alexander.de\/wp-content\/uploads\/2025\/11\/Dafne-1.jpg\" alt=\"\" class=\"wp-image-21\" srcset=\"https:\/\/steindorf-alexander.de\/wp-content\/uploads\/2025\/11\/Dafne-1.jpg 596w, https:\/\/steindorf-alexander.de\/wp-content\/uploads\/2025\/11\/Dafne-1-300x198.jpg 300w\" sizes=\"auto, (max-width: 596px) 100vw, 596px\" \/><\/figure>\n<\/figure>\n<\/div>\n<\/div>\n<\/div>\n\n\n\n<div class=\"wp-block-column is-layout-flow wp-block-column-is-layout-flow\" style=\"flex-basis:10%\"><\/div>\n<\/div>\n\n\n\n<div class=\"wp-block-columns is-layout-flex wp-container-core-columns-is-layout-28f84493 wp-block-columns-is-layout-flex\"><\/div>\n\n\n\n<p><\/p>\n","protected":false},"excerpt":{"rendered":"<p>&#8211; Alexander Steindorf lebt in D\u00fcsseldorf und arbeitet als Schauspieler, Regisseur sowie Autor. Er hat unter anderem Visuelle Kommunikation an der Bauhaus-Universit\u00e4t in Weimar studiert und war an mehreren Theatern wie dem Deutschen Nationaltheater Weimar, dem Jungen Schauspielhaus D\u00fcsseldorf, dem Schauspielhaus D\u00fcsseldorf, dem Landestheater Neuss und dem Theater M\u00fcnster engagiert. Er arbeitete in \u00fcber 80 &hellip; <\/p>\n<p class=\"link-more\"><a href=\"https:\/\/steindorf-alexander.de\/\" class=\"more-link\">Mehr <span class=\"screen-reader-text\">\u00fcber &#8222;&#8220; <\/span>Lesen<\/a><\/p>\n","protected":false},"author":1,"featured_media":37,"parent":0,"menu_order":0,"comment_status":"closed","ping_status":"open","template":"","meta":{"footnotes":""},"class_list":["post-2","page","type-page","status-publish","has-post-thumbnail","hentry"],"_links":{"self":[{"href":"https:\/\/steindorf-alexander.de\/index.php?rest_route=\/wp\/v2\/pages\/2","targetHints":{"allow":["GET"]}}],"collection":[{"href":"https:\/\/steindorf-alexander.de\/index.php?rest_route=\/wp\/v2\/pages"}],"about":[{"href":"https:\/\/steindorf-alexander.de\/index.php?rest_route=\/wp\/v2\/types\/page"}],"author":[{"embeddable":true,"href":"https:\/\/steindorf-alexander.de\/index.php?rest_route=\/wp\/v2\/users\/1"}],"replies":[{"embeddable":true,"href":"https:\/\/steindorf-alexander.de\/index.php?rest_route=%2Fwp%2Fv2%2Fcomments&post=2"}],"version-history":[{"count":35,"href":"https:\/\/steindorf-alexander.de\/index.php?rest_route=\/wp\/v2\/pages\/2\/revisions"}],"predecessor-version":[{"id":347,"href":"https:\/\/steindorf-alexander.de\/index.php?rest_route=\/wp\/v2\/pages\/2\/revisions\/347"}],"wp:featuredmedia":[{"embeddable":true,"href":"https:\/\/steindorf-alexander.de\/index.php?rest_route=\/wp\/v2\/media\/37"}],"wp:attachment":[{"href":"https:\/\/steindorf-alexander.de\/index.php?rest_route=%2Fwp%2Fv2%2Fmedia&parent=2"}],"curies":[{"name":"wp","href":"https:\/\/api.w.org\/{rel}","templated":true}]}}